{"id":330,"date":"2016-01-13T22:30:32","date_gmt":"2016-01-13T22:30:32","guid":{"rendered":"http:\/\/storyteller.mauer.co\/?page_id=2"},"modified":"2020-09-22T17:44:40","modified_gmt":"2020-09-22T15:44:40","slug":"about","status":"publish","type":"page","link":"https:\/\/www.plaqueandgo.com\/blog\/about\/","title":{"rendered":"A Propos"},"content":{"rendered":"\n<p>Bienvenue sur le blog Plaque&amp;Go<\/p>\n\n\n\n<p>Le lieu o\u00f9 nous parlerons de la <strong>plaque d&rsquo;immatriculation<\/strong> autrement.<br>Un endroit pour savoir tout ce qu&rsquo;il y a \u00e0 conna\u00eetre autour de la plaque min\u00e9ralogique et sa r\u00e9glementation.<\/p>\n\n\n\n<p>Apr\u00e8s avoir r\u00e9alis\u00e9 toutes les d\u00e9marches n\u00e9cessaires pour immatriculer son v\u00e9hicule, nous partons en voyage, \u00e0 la conqu\u00eate de nos r\u00e9gions et m\u00eame au del\u00e0 des fronti\u00e8res.<\/p>\n\n\n\n<div class=\"wp-block-image\"><figure class=\"aligncenter size-large\"><img decoding=\"async\" loading=\"lazy\" width=\"767\" height=\"1024\" src=\"https:\/\/i0.wp.com\/www.plaqueandgo.com\/blog\/wp-content\/uploads\/2018\/05\/ludovic-fremondiere-386791-unsplash.jpg?resize=767%2C1024&#038;ssl=1\" alt=\"Bienvenue sur le Blog Plaque&amp;Go\" class=\"wp-image-812\" data-recalc-dims=\"1\"\/><\/figure><\/div>\n\n\n\n<p>En esp\u00e9rant que vous trouverez toutes les informations que vous recherchez.<br>Si vous souhaitez que l&rsquo;on traite une information en particulier, n&rsquo;h\u00e9sitez pas \u00e0 nous le dire par mail \u00e0 contact@plaqueandgo.com ou via le formulaire de contact juste <a rel=\"noreferrer noopener\" href=\"https:\/\/www.plaqueandgo.com\/blog\/contact\/\" target=\"_blank\">ICI<\/a><\/p>\n","protected":false},"excerpt":{"rendered":"<p>Bienvenue sur le blog Plaque&amp;Go Le lieu o\u00f9 nous parlerons de la plaque d&rsquo;immatriculation autrement.Un endroit pour savoir tout ce qu&rsquo;il y a \u00e0 conna\u00eetre autour de la plaque min\u00e9ralogique et<\/p>\n\t\t<div class=\"more-link-holder\">\n\t\t\t<a class=\"more-link ghost-button-link\" href=\"https:\/\/www.plaqueandgo.com\/blog\/about\/\">Lire la suite<\/a>\n\t\t<\/div>","protected":false},"author":1,"featured_media":5576,"parent":0,"menu_order":0,"comment_status":"closed","ping_status":"open","template":"","meta":{"_lmt_disableupdate":"","_lmt_disable":""},"yoast_head":"<!-- This site is optimized with the Yoast SEO plugin v21.7 - https:\/\/yoast.com\/wordpress\/plugins\/seo\/ -->\n<title>A Propos - Blog Plaque&amp;Go | Actualit\u00e9s de la plaque d&#039;immatriculation<\/title>\n<meta name=\"robots\" content=\"noindex, follow\" \/>\n<meta property=\"og:locale\" content=\"fr_FR\" \/>\n<meta property=\"og:type\" content=\"article\" \/>\n<meta property=\"og:title\" content=\"A Propos - Blog Plaque&amp;Go | Actualit\u00e9s de la plaque d&#039;immatriculation\" \/>\n<meta property=\"og:description\" content=\"Bienvenue sur le blog Plaque&amp;Go Le lieu o\u00f9 nous parlerons de la plaque d&rsquo;immatriculation autrement.Un endroit pour savoir tout ce qu&rsquo;il y a \u00e0 conna\u00eetre autour de la plaque min\u00e9ralogique et\" \/>\n<meta property=\"og:url\" content=\"https:\/\/www.plaqueandgo.com\/blog\/about\/\" \/>\n<meta property=\"og:site_name\" content=\"Blog Plaque&amp;Go | Actualit\u00e9s de la plaque d&#039;immatriculation\" \/>\n<meta property=\"article:publisher\" content=\"https:\/\/www.facebook.com\/PlaqueandGoofficial\/\" \/>\n<meta property=\"article:modified_time\" content=\"2020-09-22T15:44:40+00:00\" \/>\n<meta property=\"og:image\" content=\"https:\/\/i0.wp.com\/www.plaqueandgo.com\/blog\/wp-content\/uploads\/2020\/09\/Image-About-Blog-Red.jpg?fit=1080%2C600&ssl=1\" \/>\n\t<meta property=\"og:image:width\" content=\"1080\" \/>\n\t<meta property=\"og:image:height\" content=\"600\" \/>\n\t<meta property=\"og:image:type\" content=\"image\/jpeg\" \/>\n<meta name=\"twitter:card\" content=\"summary_large_image\" \/>\n<meta name=\"twitter:site\" content=\"@PlaqueandGo\" \/>\n<meta name=\"twitter:label1\" content=\"Dur\u00e9e de lecture estim\u00e9e\" \/>\n\t<meta name=\"twitter:data1\" content=\"1 minute\" \/>\n<script type=\"application\/ld+json\" class=\"yoast-schema-graph\">{\"@context\":\"https:\/\/schema.org\",\"@graph\":[{\"@type\":\"WebPage\",\"@id\":\"https:\/\/www.plaqueandgo.com\/blog\/about\/\",\"url\":\"https:\/\/www.plaqueandgo.com\/blog\/about\/\",\"name\":\"A Propos - Blog Plaque&amp;Go | Actualit\u00e9s de la plaque d&#039;immatriculation\",\"isPartOf\":{\"@id\":\"https:\/\/www.plaqueandgo.com\/blog\/#website\"},\"datePublished\":\"2016-01-13T22:30:32+00:00\",\"dateModified\":\"2020-09-22T15:44:40+00:00\",\"breadcrumb\":{\"@id\":\"https:\/\/www.plaqueandgo.com\/blog\/about\/#breadcrumb\"},\"inLanguage\":\"fr-FR\",\"potentialAction\":[{\"@type\":\"ReadAction\",\"target\":[\"https:\/\/www.plaqueandgo.com\/blog\/about\/\"]}]},{\"@type\":\"BreadcrumbList\",\"@id\":\"https:\/\/www.plaqueandgo.com\/blog\/about\/#breadcrumb\",\"itemListElement\":[{\"@type\":\"ListItem\",\"position\":1,\"name\":\"Actualit\u00e9 Plaque&amp;Go\",\"item\":\"https:\/\/www.plaqueandgo.com\/blog\/\"},{\"@type\":\"ListItem\",\"position\":2,\"name\":\"A Propos\"}]},{\"@type\":\"WebSite\",\"@id\":\"https:\/\/www.plaqueandgo.com\/blog\/#website\",\"url\":\"https:\/\/www.plaqueandgo.com\/blog\/\",\"name\":\"Blog Plaque&amp;Go | Actualit\u00e9s de la plaque d&#039;immatriculation\",\"description\":\"La plaque d&#039;immatriculation qui vous fait voyager\",\"publisher\":{\"@id\":\"https:\/\/www.plaqueandgo.com\/blog\/#organization\"},\"potentialAction\":[{\"@type\":\"SearchAction\",\"target\":{\"@type\":\"EntryPoint\",\"urlTemplate\":\"https:\/\/www.plaqueandgo.com\/blog\/?s={search_term_string}\"},\"query-input\":\"required name=search_term_string\"}],\"inLanguage\":\"fr-FR\"},{\"@type\":\"Organization\",\"@id\":\"https:\/\/www.plaqueandgo.com\/blog\/#organization\",\"name\":\"Plaque&Go\",\"url\":\"https:\/\/www.plaqueandgo.com\/blog\/\",\"logo\":{\"@type\":\"ImageObject\",\"inLanguage\":\"fr-FR\",\"@id\":\"https:\/\/www.plaqueandgo.com\/blog\/#\/schema\/logo\/image\/\",\"url\":\"https:\/\/www.plaqueandgo.com\/blog\/wp-content\/uploads\/2018\/05\/logo-plaque-and-go-mobile.svg\",\"contentUrl\":\"https:\/\/www.plaqueandgo.com\/blog\/wp-content\/uploads\/2018\/05\/logo-plaque-and-go-mobile.svg\",\"width\":406.061,\"height\":197.849,\"caption\":\"Plaque&Go\"},\"image\":{\"@id\":\"https:\/\/www.plaqueandgo.com\/blog\/#\/schema\/logo\/image\/\"},\"sameAs\":[\"https:\/\/www.facebook.com\/PlaqueandGoofficial\/\",\"https:\/\/twitter.com\/PlaqueandGo\",\"https:\/\/www.instagram.com\/plaqueandgo\/\",\"https:\/\/www.pinterest.fr\/PlaqueandGo\/\"]}]}<\/script>\n<!-- \/ Yoast SEO plugin. -->","yoast_head_json":{"title":"A Propos - Blog Plaque&amp;Go | Actualit\u00e9s de la plaque d&#039;immatriculation","robots":{"index":"noindex","follow":"follow"},"og_locale":"fr_FR","og_type":"article","og_title":"A Propos - Blog Plaque&amp;Go | Actualit\u00e9s de la plaque d&#039;immatriculation","og_description":"Bienvenue sur le blog Plaque&amp;Go Le lieu o\u00f9 nous parlerons de la plaque d&rsquo;immatriculation autrement.Un endroit pour savoir tout ce qu&rsquo;il y a \u00e0 conna\u00eetre autour de la plaque min\u00e9ralogique et","og_url":"https:\/\/www.plaqueandgo.com\/blog\/about\/","og_site_name":"Blog Plaque&amp;Go | Actualit\u00e9s de la plaque d&#039;immatriculation","article_publisher":"https:\/\/www.facebook.com\/PlaqueandGoofficial\/","article_modified_time":"2020-09-22T15:44:40+00:00","og_image":[{"width":1080,"height":600,"url":"https:\/\/i0.wp.com\/www.plaqueandgo.com\/blog\/wp-content\/uploads\/2020\/09\/Image-About-Blog-Red.jpg?fit=1080%2C600&ssl=1","type":"image\/jpeg"}],"twitter_card":"summary_large_image","twitter_site":"@PlaqueandGo","twitter_misc":{"Dur\u00e9e de lecture estim\u00e9e":"1 minute"},"schema":{"@context":"https:\/\/schema.org","@graph":[{"@type":"WebPage","@id":"https:\/\/www.plaqueandgo.com\/blog\/about\/","url":"https:\/\/www.plaqueandgo.com\/blog\/about\/","name":"A Propos - Blog Plaque&amp;Go | Actualit\u00e9s de la plaque d&#039;immatriculation","isPartOf":{"@id":"https:\/\/www.plaqueandgo.com\/blog\/#website"},"datePublished":"2016-01-13T22:30:32+00:00","dateModified":"2020-09-22T15:44:40+00:00","breadcrumb":{"@id":"https:\/\/www.plaqueandgo.com\/blog\/about\/#breadcrumb"},"inLanguage":"fr-FR","potentialAction":[{"@type":"ReadAction","target":["https:\/\/www.plaqueandgo.com\/blog\/about\/"]}]},{"@type":"BreadcrumbList","@id":"https:\/\/www.plaqueandgo.com\/blog\/about\/#breadcrumb","itemListElement":[{"@type":"ListItem","position":1,"name":"Actualit\u00e9 Plaque&amp;Go","item":"https:\/\/www.plaqueandgo.com\/blog\/"},{"@type":"ListItem","position":2,"name":"A Propos"}]},{"@type":"WebSite","@id":"https:\/\/www.plaqueandgo.com\/blog\/#website","url":"https:\/\/www.plaqueandgo.com\/blog\/","name":"Blog Plaque&amp;Go | Actualit\u00e9s de la plaque d&#039;immatriculation","description":"La plaque d&#039;immatriculation qui vous fait voyager","publisher":{"@id":"https:\/\/www.plaqueandgo.com\/blog\/#organization"},"potentialAction":[{"@type":"SearchAction","target":{"@type":"EntryPoint","urlTemplate":"https:\/\/www.plaqueandgo.com\/blog\/?s={search_term_string}"},"query-input":"required name=search_term_string"}],"inLanguage":"fr-FR"},{"@type":"Organization","@id":"https:\/\/www.plaqueandgo.com\/blog\/#organization","name":"Plaque&Go","url":"https:\/\/www.plaqueandgo.com\/blog\/","logo":{"@type":"ImageObject","inLanguage":"fr-FR","@id":"https:\/\/www.plaqueandgo.com\/blog\/#\/schema\/logo\/image\/","url":"https:\/\/www.plaqueandgo.com\/blog\/wp-content\/uploads\/2018\/05\/logo-plaque-and-go-mobile.svg","contentUrl":"https:\/\/www.plaqueandgo.com\/blog\/wp-content\/uploads\/2018\/05\/logo-plaque-and-go-mobile.svg","width":406.061,"height":197.849,"caption":"Plaque&Go"},"image":{"@id":"https:\/\/www.plaqueandgo.com\/blog\/#\/schema\/logo\/image\/"},"sameAs":["https:\/\/www.facebook.com\/PlaqueandGoofficial\/","https:\/\/twitter.com\/PlaqueandGo","https:\/\/www.instagram.com\/plaqueandgo\/","https:\/\/www.pinterest.fr\/PlaqueandGo\/"]}]}},"jetpack_sharing_enabled":true,"jetpack_likes_enabled":false,"_links":{"self":[{"href":"https:\/\/www.plaqueandgo.com\/blog\/wp-json\/wp\/v2\/pages\/330"}],"collection":[{"href":"https:\/\/www.plaqueandgo.com\/blog\/wp-json\/wp\/v2\/pages"}],"about":[{"href":"https:\/\/www.plaqueandgo.com\/blog\/wp-json\/wp\/v2\/types\/page"}],"author":[{"embeddable":true,"href":"https:\/\/www.plaqueandgo.com\/blog\/wp-json\/wp\/v2\/users\/1"}],"replies":[{"embeddable":true,"href":"https:\/\/www.plaqueandgo.com\/blog\/wp-json\/wp\/v2\/comments?post=330"}],"version-history":[{"count":18,"href":"https:\/\/www.plaqueandgo.com\/blog\/wp-json\/wp\/v2\/pages\/330\/revisions"}],"predecessor-version":[{"id":5578,"href":"https:\/\/www.plaqueandgo.com\/blog\/wp-json\/wp\/v2\/pages\/330\/revisions\/5578"}],"wp:featuredmedia":[{"embeddable":true,"href":"https:\/\/www.plaqueandgo.com\/blog\/wp-json\/wp\/v2\/media\/5576"}],"wp:attachment":[{"href":"https:\/\/www.plaqueandgo.com\/blog\/wp-json\/wp\/v2\/media?parent=330"}],"curies":[{"name":"wp","href":"https:\/\/api.w.org\/{rel}","templated":true}]}}